{"id":161,"date":"2025-07-30T14:27:56","date_gmt":"2025-07-30T12:27:56","guid":{"rendered":"https:\/\/lamerceriedalinore.fr\/?post_type=product&#038;p=161"},"modified":"2025-12-11T17:39:52","modified_gmt":"2025-12-11T16:39:52","slug":"fil-polyester-100-metres","status":"publish","type":"product","link":"https:\/\/lamerceriedalinore.fr\/?product=fil-polyester-100-metres","title":{"rendered":"Fil polyester 100 m\u00e8tres"},"content":{"rendered":"<p>Fil M\u00e9diac<\/p>\n<p>Marque fran\u00e7aise<\/p>\n<p>100% polyester<\/p>\n","protected":false},"excerpt":{"rendered":"<p>Fil M\u00e9diac Marque fran\u00e7aise 100% polyester<\/p>\n","protected":false},"featured_media":166,"comment_status":"open","ping_status":"closed","template":"","meta":{"ocean_post_layout":"","ocean_both_sidebars_style":"","ocean_both_sidebars_content_width":0,"ocean_both_sidebars_sidebars_width":0,"ocean_sidebar":"0","ocean_second_sidebar":"0","ocean_disable_margins":"enable","ocean_add_body_class":"","ocean_shortcode_before_top_bar":"","ocean_shortcode_after_top_bar":"","ocean_shortcode_before_header":"","ocean_shortcode_after_header":"","ocean_has_shortcode":"","ocean_shortcode_after_title":"","ocean_shortcode_before_footer_widgets":"","ocean_shortcode_after_footer_widgets":"","ocean_shortcode_before_footer_bottom":"","ocean_shortcode_after_footer_bottom":"","ocean_display_top_bar":"default","ocean_display_header":"default","ocean_header_style":"","ocean_center_header_left_menu":"0","ocean_custom_header_template":"0","ocean_custom_logo":0,"ocean_custom_retina_logo":0,"ocean_custom_logo_max_width":0,"ocean_custom_logo_tablet_max_width":0,"ocean_custom_logo_mobile_max_width":0,"ocean_custom_logo_max_height":0,"ocean_custom_logo_tablet_max_height":0,"ocean_custom_logo_mobile_max_height":0,"ocean_header_custom_menu":"0","ocean_menu_typo_font_family":"0","ocean_menu_typo_font_subset":"","ocean_menu_typo_font_size":0,"ocean_menu_typo_font_size_tablet":0,"ocean_menu_typo_font_size_mobile":0,"ocean_menu_typo_font_size_unit":"px","ocean_menu_typo_font_weight":"","ocean_menu_typo_font_weight_tablet":"","ocean_menu_typo_font_weight_mobile":"","ocean_menu_typo_transform":"","ocean_menu_typo_transform_tablet":"","ocean_menu_typo_transform_mobile":"","ocean_menu_typo_line_height":0,"ocean_menu_typo_line_height_tablet":0,"ocean_menu_typo_line_height_mobile":0,"ocean_menu_typo_line_height_unit":"","ocean_menu_typo_spacing":0,"ocean_menu_typo_spacing_tablet":0,"ocean_menu_typo_spacing_mobile":0,"ocean_menu_typo_spacing_unit":"","ocean_menu_link_color":"","ocean_menu_link_color_hover":"","ocean_menu_link_color_active":"","ocean_menu_link_background":"","ocean_menu_link_hover_background":"","ocean_menu_link_active_background":"","ocean_menu_social_links_bg":"","ocean_menu_social_hover_links_bg":"","ocean_menu_social_links_color":"","ocean_menu_social_hover_links_color":"","ocean_disable_title":"default","ocean_disable_heading":"default","ocean_post_title":"","ocean_post_subheading":"","ocean_post_title_style":"","ocean_post_title_background_color":"","ocean_post_title_background":0,"ocean_post_title_bg_image_position":"","ocean_post_title_bg_image_attachment":"","ocean_post_title_bg_image_repeat":"","ocean_post_title_bg_image_size":"","ocean_post_title_height":0,"ocean_post_title_bg_overlay":0.5,"ocean_post_title_bg_overlay_color":"","ocean_disable_breadcrumbs":"default","ocean_breadcrumbs_color":"","ocean_breadcrumbs_separator_color":"","ocean_breadcrumbs_links_color":"","ocean_breadcrumbs_links_hover_color":"","ocean_display_footer_widgets":"default","ocean_display_footer_bottom":"default","ocean_custom_footer_template":"0"},"product_brand":[],"product_cat":[20,19],"product_tag":[],"class_list":{"0":"post-161","1":"product","2":"type-product","3":"status-publish","4":"has-post-thumbnail","6":"product_cat-les-fils","7":"product_cat-mercerie","9":"entry","10":"has-media","12":"first","13":"instock","14":"taxable","15":"shipping-taxable","16":"purchasable","17":"product-type-variable","18":"has-product-nav","19":"col","20":"span_1_of_3","21":"owp-content-center","22":"owp-thumbs-layout-horizontal","23":"owp-btn-normal","24":"owp-tabs-layout-horizontal","25":"has-no-thumbnails"},"yoast_head":"<!-- This site is optimized with the Yoast SEO plugin v26.4 - https:\/\/yoast.com\/wordpress\/plugins\/seo\/ -->\n<title>Fil polyester 100 m\u00e8tres - La Mercerie d&#039;Alinore<\/title>\n<meta name=\"robots\" content=\"index, follow, max-snippet:-1, max-image-preview:large, max-video-preview:-1\" \/>\n<link rel=\"canonical\" href=\"https:\/\/lamerceriedalinore.fr\/?product=fil-polyester-100-metres\" \/>\n<meta property=\"og:locale\" content=\"en_US\" \/>\n<meta property=\"og:type\" content=\"article\" \/>\n<meta property=\"og:title\" content=\"Fil polyester 100 m\u00e8tres - La Mercerie d&#039;Alinore\" \/>\n<meta property=\"og:description\" content=\"Fil M\u00e9diac Marque fran\u00e7aise 100% polyester\" \/>\n<meta property=\"og:url\" content=\"https:\/\/lamerceriedalinore.fr\/?product=fil-polyester-100-metres\" \/>\n<meta property=\"og:site_name\" content=\"La Mercerie d&#039;Alinore\" \/>\n<meta property=\"article:modified_time\" content=\"2025-12-11T16:39:52+00:00\" \/>\n<meta property=\"og:image\" content=\"https:\/\/lamerceriedalinore.fr\/wp-content\/uploads\/2025\/06\/fil-polyester-100m.jpg\" \/>\n\t<meta property=\"og:image:width\" content=\"800\" \/>\n\t<meta property=\"og:image:height\" content=\"800\" \/>\n\t<meta property=\"og:image:type\" content=\"image\/jpeg\" \/>\n<meta name=\"twitter:card\" content=\"summary_large_image\" \/>\n<script type=\"application\/ld+json\" class=\"yoast-schema-graph\">{\"@context\":\"https:\/\/schema.org\",\"@graph\":[{\"@type\":\"WebPage\",\"@id\":\"https:\/\/lamerceriedalinore.fr\/?product=fil-polyester-100-metres\",\"url\":\"https:\/\/lamerceriedalinore.fr\/?product=fil-polyester-100-metres\",\"name\":\"Fil polyester 100 m\u00e8tres - La Mercerie d&#039;Alinore\",\"isPartOf\":{\"@id\":\"https:\/\/lamerceriedalinore.fr\/#website\"},\"primaryImageOfPage\":{\"@id\":\"https:\/\/lamerceriedalinore.fr\/?product=fil-polyester-100-metres#primaryimage\"},\"image\":{\"@id\":\"https:\/\/lamerceriedalinore.fr\/?product=fil-polyester-100-metres#primaryimage\"},\"thumbnailUrl\":\"https:\/\/lamerceriedalinore.fr\/wp-content\/uploads\/2025\/06\/fil-polyester-100m.jpg\",\"datePublished\":\"2025-07-30T12:27:56+00:00\",\"dateModified\":\"2025-12-11T16:39:52+00:00\",\"breadcrumb\":{\"@id\":\"https:\/\/lamerceriedalinore.fr\/?product=fil-polyester-100-metres#breadcrumb\"},\"inLanguage\":\"en-US\",\"potentialAction\":[{\"@type\":\"ReadAction\",\"target\":[\"https:\/\/lamerceriedalinore.fr\/?product=fil-polyester-100-metres\"]}]},{\"@type\":\"ImageObject\",\"inLanguage\":\"en-US\",\"@id\":\"https:\/\/lamerceriedalinore.fr\/?product=fil-polyester-100-metres#primaryimage\",\"url\":\"https:\/\/lamerceriedalinore.fr\/wp-content\/uploads\/2025\/06\/fil-polyester-100m.jpg\",\"contentUrl\":\"https:\/\/lamerceriedalinore.fr\/wp-content\/uploads\/2025\/06\/fil-polyester-100m.jpg\",\"width\":800,\"height\":800},{\"@type\":\"BreadcrumbList\",\"@id\":\"https:\/\/lamerceriedalinore.fr\/?product=fil-polyester-100-metres#breadcrumb\",\"itemListElement\":[{\"@type\":\"ListItem\",\"position\":1,\"name\":\"Accueil\",\"item\":\"https:\/\/lamerceriedalinore.fr\/\"},{\"@type\":\"ListItem\",\"position\":2,\"name\":\"Boutique\",\"item\":\"https:\/\/lamerceriedalinore.fr\/?page_id=7\"},{\"@type\":\"ListItem\",\"position\":3,\"name\":\"Fil polyester 100 m\u00e8tres\"}]},{\"@type\":\"WebSite\",\"@id\":\"https:\/\/lamerceriedalinore.fr\/#website\",\"url\":\"https:\/\/lamerceriedalinore.fr\/\",\"name\":\"La Mercerie d&#039;Alinore\",\"description\":\"Un site utilisant WordPress\",\"publisher\":{\"@id\":\"https:\/\/lamerceriedalinore.fr\/#organization\"},\"potentialAction\":[{\"@type\":\"SearchAction\",\"target\":{\"@type\":\"EntryPoint\",\"urlTemplate\":\"https:\/\/lamerceriedalinore.fr\/?s={search_term_string}\"},\"query-input\":{\"@type\":\"PropertyValueSpecification\",\"valueRequired\":true,\"valueName\":\"search_term_string\"}}],\"inLanguage\":\"en-US\"},{\"@type\":\"Organization\",\"@id\":\"https:\/\/lamerceriedalinore.fr\/#organization\",\"name\":\"La Mercerie d&#039;Alinore\",\"url\":\"https:\/\/lamerceriedalinore.fr\/\",\"logo\":{\"@type\":\"ImageObject\",\"inLanguage\":\"en-US\",\"@id\":\"https:\/\/lamerceriedalinore.fr\/#\/schema\/logo\/image\/\",\"url\":\"https:\/\/lamerceriedalinore.fr\/wp-content\/uploads\/2025\/09\/cropped-cropped-Alinore-Logo-1.png\",\"contentUrl\":\"https:\/\/lamerceriedalinore.fr\/wp-content\/uploads\/2025\/09\/cropped-cropped-Alinore-Logo-1.png\",\"width\":367,\"height\":327,\"caption\":\"La Mercerie d&#039;Alinore\"},\"image\":{\"@id\":\"https:\/\/lamerceriedalinore.fr\/#\/schema\/logo\/image\/\"}}]}<\/script>\n<!-- \/ Yoast SEO plugin. -->","yoast_head_json":{"title":"Fil polyester 100 m\u00e8tres - La Mercerie d&#039;Alinore","robots":{"index":"index","follow":"follow","max-snippet":"max-snippet:-1","max-image-preview":"max-image-preview:large","max-video-preview":"max-video-preview:-1"},"canonical":"https:\/\/lamerceriedalinore.fr\/?product=fil-polyester-100-metres","og_locale":"en_US","og_type":"article","og_title":"Fil polyester 100 m\u00e8tres - La Mercerie d&#039;Alinore","og_description":"Fil M\u00e9diac Marque fran\u00e7aise 100% polyester","og_url":"https:\/\/lamerceriedalinore.fr\/?product=fil-polyester-100-metres","og_site_name":"La Mercerie d&#039;Alinore","article_modified_time":"2025-12-11T16:39:52+00:00","og_image":[{"width":800,"height":800,"url":"https:\/\/lamerceriedalinore.fr\/wp-content\/uploads\/2025\/06\/fil-polyester-100m.jpg","type":"image\/jpeg"}],"twitter_card":"summary_large_image","schema":{"@context":"https:\/\/schema.org","@graph":[{"@type":"WebPage","@id":"https:\/\/lamerceriedalinore.fr\/?product=fil-polyester-100-metres","url":"https:\/\/lamerceriedalinore.fr\/?product=fil-polyester-100-metres","name":"Fil polyester 100 m\u00e8tres - La Mercerie d&#039;Alinore","isPartOf":{"@id":"https:\/\/lamerceriedalinore.fr\/#website"},"primaryImageOfPage":{"@id":"https:\/\/lamerceriedalinore.fr\/?product=fil-polyester-100-metres#primaryimage"},"image":{"@id":"https:\/\/lamerceriedalinore.fr\/?product=fil-polyester-100-metres#primaryimage"},"thumbnailUrl":"https:\/\/lamerceriedalinore.fr\/wp-content\/uploads\/2025\/06\/fil-polyester-100m.jpg","datePublished":"2025-07-30T12:27:56+00:00","dateModified":"2025-12-11T16:39:52+00:00","breadcrumb":{"@id":"https:\/\/lamerceriedalinore.fr\/?product=fil-polyester-100-metres#breadcrumb"},"inLanguage":"en-US","potentialAction":[{"@type":"ReadAction","target":["https:\/\/lamerceriedalinore.fr\/?product=fil-polyester-100-metres"]}]},{"@type":"ImageObject","inLanguage":"en-US","@id":"https:\/\/lamerceriedalinore.fr\/?product=fil-polyester-100-metres#primaryimage","url":"https:\/\/lamerceriedalinore.fr\/wp-content\/uploads\/2025\/06\/fil-polyester-100m.jpg","contentUrl":"https:\/\/lamerceriedalinore.fr\/wp-content\/uploads\/2025\/06\/fil-polyester-100m.jpg","width":800,"height":800},{"@type":"BreadcrumbList","@id":"https:\/\/lamerceriedalinore.fr\/?product=fil-polyester-100-metres#breadcrumb","itemListElement":[{"@type":"ListItem","position":1,"name":"Accueil","item":"https:\/\/lamerceriedalinore.fr\/"},{"@type":"ListItem","position":2,"name":"Boutique","item":"https:\/\/lamerceriedalinore.fr\/?page_id=7"},{"@type":"ListItem","position":3,"name":"Fil polyester 100 m\u00e8tres"}]},{"@type":"WebSite","@id":"https:\/\/lamerceriedalinore.fr\/#website","url":"https:\/\/lamerceriedalinore.fr\/","name":"La Mercerie d&#039;Alinore","description":"Un site utilisant WordPress","publisher":{"@id":"https:\/\/lamerceriedalinore.fr\/#organization"},"potentialAction":[{"@type":"SearchAction","target":{"@type":"EntryPoint","urlTemplate":"https:\/\/lamerceriedalinore.fr\/?s={search_term_string}"},"query-input":{"@type":"PropertyValueSpecification","valueRequired":true,"valueName":"search_term_string"}}],"inLanguage":"en-US"},{"@type":"Organization","@id":"https:\/\/lamerceriedalinore.fr\/#organization","name":"La Mercerie d&#039;Alinore","url":"https:\/\/lamerceriedalinore.fr\/","logo":{"@type":"ImageObject","inLanguage":"en-US","@id":"https:\/\/lamerceriedalinore.fr\/#\/schema\/logo\/image\/","url":"https:\/\/lamerceriedalinore.fr\/wp-content\/uploads\/2025\/09\/cropped-cropped-Alinore-Logo-1.png","contentUrl":"https:\/\/lamerceriedalinore.fr\/wp-content\/uploads\/2025\/09\/cropped-cropped-Alinore-Logo-1.png","width":367,"height":327,"caption":"La Mercerie d&#039;Alinore"},"image":{"@id":"https:\/\/lamerceriedalinore.fr\/#\/schema\/logo\/image\/"}}]}},"_links":{"self":[{"href":"https:\/\/lamerceriedalinore.fr\/index.php?rest_route=\/wp\/v2\/product\/161","targetHints":{"allow":["GET"]}}],"collection":[{"href":"https:\/\/lamerceriedalinore.fr\/index.php?rest_route=\/wp\/v2\/product"}],"about":[{"href":"https:\/\/lamerceriedalinore.fr\/index.php?rest_route=\/wp\/v2\/types\/product"}],"replies":[{"embeddable":true,"href":"https:\/\/lamerceriedalinore.fr\/index.php?rest_route=%2Fwp%2Fv2%2Fcomments&post=161"}],"wp:featuredmedia":[{"embeddable":true,"href":"https:\/\/lamerceriedalinore.fr\/index.php?rest_route=\/wp\/v2\/media\/166"}],"wp:attachment":[{"href":"https:\/\/lamerceriedalinore.fr\/index.php?rest_route=%2Fwp%2Fv2%2Fmedia&parent=161"}],"wp:term":[{"taxonomy":"product_brand","embeddable":true,"href":"https:\/\/lamerceriedalinore.fr\/index.php?rest_route=%2Fwp%2Fv2%2Fproduct_brand&post=161"},{"taxonomy":"product_cat","embeddable":true,"href":"https:\/\/lamerceriedalinore.fr\/index.php?rest_route=%2Fwp%2Fv2%2Fproduct_cat&post=161"},{"taxonomy":"product_tag","embeddable":true,"href":"https:\/\/lamerceriedalinore.fr\/index.php?rest_route=%2Fwp%2Fv2%2Fproduct_tag&post=161"}],"curies":[{"name":"wp","href":"https:\/\/api.w.org\/{rel}","templated":true}]}}