{"id":62,"date":"2025-01-19T14:44:38","date_gmt":"2025-01-19T13:44:38","guid":{"rendered":"https:\/\/lamerceriedalinore.fr\/?page_id=62"},"modified":"2025-11-07T15:25:17","modified_gmt":"2025-11-07T14:25:17","slug":"a-propos","status":"publish","type":"page","link":"https:\/\/lamerceriedalinore.fr\/?page_id=62","title":{"rendered":"A propos"},"content":{"rendered":"\t\t<div data-elementor-type=\"wp-page\" data-elementor-id=\"62\" class=\"elementor elementor-62\">\n\t\t\t\t<div class=\"elementor-element elementor-element-db9362a e-flex e-con-boxed e-con e-parent\" data-id=\"db9362a\" data-element_type=\"container\" data-e-type=\"container\">\n\t\t\t\t\t<div class=\"e-con-inner\">\n\t\t<div class=\"elementor-element elementor-element-7ef99a9 e-con-full e-flex e-con e-child\" data-id=\"7ef99a9\" data-element_type=\"container\" data-e-type=\"container\">\n\t\t\t\t<div class=\"elementor-element elementor-element-1763f6b elementor-widget elementor-widget-heading\" data-id=\"1763f6b\" data-element_type=\"widget\" data-e-type=\"widget\" data-widget_type=\"heading.default\">\n\t\t\t\t<div class=\"elementor-widget-container\">\n\t\t\t\t\t<h2 class=\"elementor-heading-title elementor-size-default\">Pour finir une robe, je suis entr\u00e9e dans une mercerie \u00e0 Foug\u00e8res pour acheter deux bobines de fils...<br>... et j'ai achet\u00e9 le fond de commerce!<br><br>Passionn\u00e9e depuis toujours par les arts du fils, j'ai ouvert ma boutique en ville que j'ai appel\u00e9e La Mercerie d'Alinore puis j'en ai fait une boutique en ligne.<\/h2>\t\t\t\t<\/div>\n\t\t\t\t<\/div>\n\t\t\t\t<\/div>\n\t\t\t\t<div class=\"elementor-element elementor-element-ebc6e8f elementor-widget elementor-widget-image\" data-id=\"ebc6e8f\" data-element_type=\"widget\" data-e-type=\"widget\" data-widget_type=\"image.default\">\n\t\t\t\t<div class=\"elementor-widget-container\">\n\t\t\t\t\t\t\t\t\t\t\t\t\t\t\t<img fetchpriority=\"high\" decoding=\"async\" width=\"1337\" height=\"819\" src=\"https:\/\/lamerceriedalinore.fr\/wp-content\/uploads\/2025\/11\/photo-moi.png\" class=\"attachment-full size-full wp-image-317\" alt=\"\" srcset=\"https:\/\/lamerceriedalinore.fr\/wp-content\/uploads\/2025\/11\/photo-moi.png 1337w, https:\/\/lamerceriedalinore.fr\/wp-content\/uploads\/2025\/11\/photo-moi-300x184.png 300w, https:\/\/lamerceriedalinore.fr\/wp-content\/uploads\/2025\/11\/photo-moi-1024x627.png 1024w, https:\/\/lamerceriedalinore.fr\/wp-content\/uploads\/2025\/11\/photo-moi-768x470.png 768w, https:\/\/lamerceriedalinore.fr\/wp-content\/uploads\/2025\/11\/photo-moi-600x368.png 600w\" sizes=\"(max-width: 1337px) 100vw, 1337px\" \/>\t\t\t\t\t\t\t\t\t\t\t\t\t\t\t<\/div>\n\t\t\t\t<\/div>\n\t\t\t\t\t<\/div>\n\t\t\t\t<\/div>\n\t\t\t\t<\/div>\n\t\t","protected":false},"excerpt":{"rendered":"<p>Pour finir une robe, je suis entr\u00e9e dans une mercerie \u00e0 Foug\u00e8res pour acheter deux bobines de fils&#8230;&#8230; et j&#8217;ai achet\u00e9 le fond de commerce! Passionn\u00e9e depuis toujours par les arts du fils, j&#8217;ai ouvert ma boutique en ville que j&#8217;ai appel\u00e9e La Mercerie d&#8217;Alinore puis j&#8217;en ai fait une boutique en ligne.<\/p>\n","protected":false},"author":1,"featured_media":0,"parent":0,"menu_order":0,"comment_status":"closed","ping_status":"closed","template":"","meta":{"ocean_post_layout":"","ocean_both_sidebars_style":"","ocean_both_sidebars_content_width":0,"ocean_both_sidebars_sidebars_width":0,"ocean_sidebar":"","ocean_second_sidebar":"","ocean_disable_margins":"enable","ocean_add_body_class":"","ocean_shortcode_before_top_bar":"","ocean_shortcode_after_top_bar":"","ocean_shortcode_before_header":"","ocean_shortcode_after_header":"","ocean_has_shortcode":"","ocean_shortcode_after_title":"","ocean_shortcode_before_footer_widgets":"","ocean_shortcode_after_footer_widgets":"","ocean_shortcode_before_footer_bottom":"","ocean_shortcode_after_footer_bottom":"","ocean_display_top_bar":"default","ocean_display_header":"default","ocean_header_style":"","ocean_center_header_left_menu":"","ocean_custom_header_template":"","ocean_custom_logo":0,"ocean_custom_retina_logo":0,"ocean_custom_logo_max_width":0,"ocean_custom_logo_tablet_max_width":0,"ocean_custom_logo_mobile_max_width":0,"ocean_custom_logo_max_height":0,"ocean_custom_logo_tablet_max_height":0,"ocean_custom_logo_mobile_max_height":0,"ocean_header_custom_menu":"","ocean_menu_typo_font_family":"","ocean_menu_typo_font_subset":"","ocean_menu_typo_font_size":0,"ocean_menu_typo_font_size_tablet":0,"ocean_menu_typo_font_size_mobile":0,"ocean_menu_typo_font_size_unit":"px","ocean_menu_typo_font_weight":"","ocean_menu_typo_font_weight_tablet":"","ocean_menu_typo_font_weight_mobile":"","ocean_menu_typo_transform":"","ocean_menu_typo_transform_tablet":"","ocean_menu_typo_transform_mobile":"","ocean_menu_typo_line_height":0,"ocean_menu_typo_line_height_tablet":0,"ocean_menu_typo_line_height_mobile":0,"ocean_menu_typo_line_height_unit":"","ocean_menu_typo_spacing":0,"ocean_menu_typo_spacing_tablet":0,"ocean_menu_typo_spacing_mobile":0,"ocean_menu_typo_spacing_unit":"","ocean_menu_link_color":"","ocean_menu_link_color_hover":"","ocean_menu_link_color_active":"","ocean_menu_link_background":"","ocean_menu_link_hover_background":"","ocean_menu_link_active_background":"","ocean_menu_social_links_bg":"","ocean_menu_social_hover_links_bg":"","ocean_menu_social_links_color":"","ocean_menu_social_hover_links_color":"","ocean_disable_title":"on","ocean_disable_heading":"default","ocean_post_title":"","ocean_post_subheading":"","ocean_post_title_style":"","ocean_post_title_background_color":"","ocean_post_title_background":0,"ocean_post_title_bg_image_position":"","ocean_post_title_bg_image_attachment":"","ocean_post_title_bg_image_repeat":"","ocean_post_title_bg_image_size":"","ocean_post_title_height":0,"ocean_post_title_bg_overlay":0.5,"ocean_post_title_bg_overlay_color":"","ocean_disable_breadcrumbs":"default","ocean_breadcrumbs_color":"","ocean_breadcrumbs_separator_color":"","ocean_breadcrumbs_links_color":"","ocean_breadcrumbs_links_hover_color":"","ocean_display_footer_widgets":"default","ocean_display_footer_bottom":"default","ocean_custom_footer_template":"","footnotes":""},"class_list":["post-62","page","type-page","status-publish","hentry","entry","owp-thumbs-layout-horizontal","owp-btn-normal","owp-tabs-layout-horizontal","has-no-thumbnails","has-product-nav"],"yoast_head":"<!-- This site is optimized with the Yoast SEO plugin v26.4 - https:\/\/yoast.com\/wordpress\/plugins\/seo\/ -->\n<title>A propos - La Mercerie d&#039;Alinore<\/title>\n<meta name=\"robots\" content=\"index, follow, max-snippet:-1, max-image-preview:large, max-video-preview:-1\" \/>\n<link rel=\"canonical\" href=\"https:\/\/lamerceriedalinore.fr\/?page_id=62\" \/>\n<meta property=\"og:locale\" content=\"en_US\" \/>\n<meta property=\"og:type\" content=\"article\" \/>\n<meta property=\"og:title\" content=\"A propos - La Mercerie d&#039;Alinore\" \/>\n<meta property=\"og:description\" content=\"Pour finir une robe, je suis entr\u00e9e dans une mercerie \u00e0 Foug\u00e8res pour acheter deux bobines de fils&#8230;&#8230; et j&#8217;ai achet\u00e9 le fond de commerce! Passionn\u00e9e depuis toujours par les arts du fils, j&#8217;ai ouvert ma boutique en ville que j&#8217;ai appel\u00e9e La Mercerie d&#8217;Alinore puis j&#8217;en ai fait une boutique en ligne.\" \/>\n<meta property=\"og:url\" content=\"https:\/\/lamerceriedalinore.fr\/?page_id=62\" \/>\n<meta property=\"og:site_name\" content=\"La Mercerie d&#039;Alinore\" \/>\n<meta property=\"article:modified_time\" content=\"2025-11-07T14:25:17+00:00\" \/>\n<meta property=\"og:image\" content=\"http:\/\/lamerceriedalinore.fr\/wp-content\/uploads\/2025\/11\/photo-moi.png\" \/>\n<meta name=\"twitter:card\" content=\"summary_large_image\" \/>\n<script type=\"application\/ld+json\" class=\"yoast-schema-graph\">{\"@context\":\"https:\/\/schema.org\",\"@graph\":[{\"@type\":\"WebPage\",\"@id\":\"https:\/\/lamerceriedalinore.fr\/?page_id=62\",\"url\":\"https:\/\/lamerceriedalinore.fr\/?page_id=62\",\"name\":\"A propos - La Mercerie d&#039;Alinore\",\"isPartOf\":{\"@id\":\"https:\/\/lamerceriedalinore.fr\/#website\"},\"primaryImageOfPage\":{\"@id\":\"https:\/\/lamerceriedalinore.fr\/?page_id=62#primaryimage\"},\"image\":{\"@id\":\"https:\/\/lamerceriedalinore.fr\/?page_id=62#primaryimage\"},\"thumbnailUrl\":\"http:\/\/lamerceriedalinore.fr\/wp-content\/uploads\/2025\/11\/photo-moi.png\",\"datePublished\":\"2025-01-19T13:44:38+00:00\",\"dateModified\":\"2025-11-07T14:25:17+00:00\",\"breadcrumb\":{\"@id\":\"https:\/\/lamerceriedalinore.fr\/?page_id=62#breadcrumb\"},\"inLanguage\":\"en-US\",\"potentialAction\":[{\"@type\":\"ReadAction\",\"target\":[\"https:\/\/lamerceriedalinore.fr\/?page_id=62\"]}]},{\"@type\":\"ImageObject\",\"inLanguage\":\"en-US\",\"@id\":\"https:\/\/lamerceriedalinore.fr\/?page_id=62#primaryimage\",\"url\":\"https:\/\/lamerceriedalinore.fr\/wp-content\/uploads\/2025\/11\/photo-moi.png\",\"contentUrl\":\"https:\/\/lamerceriedalinore.fr\/wp-content\/uploads\/2025\/11\/photo-moi.png\",\"width\":1337,\"height\":819},{\"@type\":\"BreadcrumbList\",\"@id\":\"https:\/\/lamerceriedalinore.fr\/?page_id=62#breadcrumb\",\"itemListElement\":[{\"@type\":\"ListItem\",\"position\":1,\"name\":\"Accueil\",\"item\":\"https:\/\/lamerceriedalinore.fr\/\"},{\"@type\":\"ListItem\",\"position\":2,\"name\":\"A propos\"}]},{\"@type\":\"WebSite\",\"@id\":\"https:\/\/lamerceriedalinore.fr\/#website\",\"url\":\"https:\/\/lamerceriedalinore.fr\/\",\"name\":\"La Mercerie d&#039;Alinore\",\"description\":\"Un site utilisant WordPress\",\"publisher\":{\"@id\":\"https:\/\/lamerceriedalinore.fr\/#organization\"},\"potentialAction\":[{\"@type\":\"SearchAction\",\"target\":{\"@type\":\"EntryPoint\",\"urlTemplate\":\"https:\/\/lamerceriedalinore.fr\/?s={search_term_string}\"},\"query-input\":{\"@type\":\"PropertyValueSpecification\",\"valueRequired\":true,\"valueName\":\"search_term_string\"}}],\"inLanguage\":\"en-US\"},{\"@type\":\"Organization\",\"@id\":\"https:\/\/lamerceriedalinore.fr\/#organization\",\"name\":\"La Mercerie d&#039;Alinore\",\"url\":\"https:\/\/lamerceriedalinore.fr\/\",\"logo\":{\"@type\":\"ImageObject\",\"inLanguage\":\"en-US\",\"@id\":\"https:\/\/lamerceriedalinore.fr\/#\/schema\/logo\/image\/\",\"url\":\"https:\/\/lamerceriedalinore.fr\/wp-content\/uploads\/2025\/09\/cropped-cropped-Alinore-Logo-1.png\",\"contentUrl\":\"https:\/\/lamerceriedalinore.fr\/wp-content\/uploads\/2025\/09\/cropped-cropped-Alinore-Logo-1.png\",\"width\":367,\"height\":327,\"caption\":\"La Mercerie d&#039;Alinore\"},\"image\":{\"@id\":\"https:\/\/lamerceriedalinore.fr\/#\/schema\/logo\/image\/\"}}]}<\/script>\n<!-- \/ Yoast SEO plugin. -->","yoast_head_json":{"title":"A propos - La Mercerie d&#039;Alinore","robots":{"index":"index","follow":"follow","max-snippet":"max-snippet:-1","max-image-preview":"max-image-preview:large","max-video-preview":"max-video-preview:-1"},"canonical":"https:\/\/lamerceriedalinore.fr\/?page_id=62","og_locale":"en_US","og_type":"article","og_title":"A propos - La Mercerie d&#039;Alinore","og_description":"Pour finir une robe, je suis entr\u00e9e dans une mercerie \u00e0 Foug\u00e8res pour acheter deux bobines de fils&#8230;&#8230; et j&#8217;ai achet\u00e9 le fond de commerce! Passionn\u00e9e depuis toujours par les arts du fils, j&#8217;ai ouvert ma boutique en ville que j&#8217;ai appel\u00e9e La Mercerie d&#8217;Alinore puis j&#8217;en ai fait une boutique en ligne.","og_url":"https:\/\/lamerceriedalinore.fr\/?page_id=62","og_site_name":"La Mercerie d&#039;Alinore","article_modified_time":"2025-11-07T14:25:17+00:00","og_image":[{"url":"http:\/\/lamerceriedalinore.fr\/wp-content\/uploads\/2025\/11\/photo-moi.png","type":"","width":"","height":""}],"twitter_card":"summary_large_image","schema":{"@context":"https:\/\/schema.org","@graph":[{"@type":"WebPage","@id":"https:\/\/lamerceriedalinore.fr\/?page_id=62","url":"https:\/\/lamerceriedalinore.fr\/?page_id=62","name":"A propos - La Mercerie d&#039;Alinore","isPartOf":{"@id":"https:\/\/lamerceriedalinore.fr\/#website"},"primaryImageOfPage":{"@id":"https:\/\/lamerceriedalinore.fr\/?page_id=62#primaryimage"},"image":{"@id":"https:\/\/lamerceriedalinore.fr\/?page_id=62#primaryimage"},"thumbnailUrl":"http:\/\/lamerceriedalinore.fr\/wp-content\/uploads\/2025\/11\/photo-moi.png","datePublished":"2025-01-19T13:44:38+00:00","dateModified":"2025-11-07T14:25:17+00:00","breadcrumb":{"@id":"https:\/\/lamerceriedalinore.fr\/?page_id=62#breadcrumb"},"inLanguage":"en-US","potentialAction":[{"@type":"ReadAction","target":["https:\/\/lamerceriedalinore.fr\/?page_id=62"]}]},{"@type":"ImageObject","inLanguage":"en-US","@id":"https:\/\/lamerceriedalinore.fr\/?page_id=62#primaryimage","url":"https:\/\/lamerceriedalinore.fr\/wp-content\/uploads\/2025\/11\/photo-moi.png","contentUrl":"https:\/\/lamerceriedalinore.fr\/wp-content\/uploads\/2025\/11\/photo-moi.png","width":1337,"height":819},{"@type":"BreadcrumbList","@id":"https:\/\/lamerceriedalinore.fr\/?page_id=62#breadcrumb","itemListElement":[{"@type":"ListItem","position":1,"name":"Accueil","item":"https:\/\/lamerceriedalinore.fr\/"},{"@type":"ListItem","position":2,"name":"A propos"}]},{"@type":"WebSite","@id":"https:\/\/lamerceriedalinore.fr\/#website","url":"https:\/\/lamerceriedalinore.fr\/","name":"La Mercerie d&#039;Alinore","description":"Un site utilisant WordPress","publisher":{"@id":"https:\/\/lamerceriedalinore.fr\/#organization"},"potentialAction":[{"@type":"SearchAction","target":{"@type":"EntryPoint","urlTemplate":"https:\/\/lamerceriedalinore.fr\/?s={search_term_string}"},"query-input":{"@type":"PropertyValueSpecification","valueRequired":true,"valueName":"search_term_string"}}],"inLanguage":"en-US"},{"@type":"Organization","@id":"https:\/\/lamerceriedalinore.fr\/#organization","name":"La Mercerie d&#039;Alinore","url":"https:\/\/lamerceriedalinore.fr\/","logo":{"@type":"ImageObject","inLanguage":"en-US","@id":"https:\/\/lamerceriedalinore.fr\/#\/schema\/logo\/image\/","url":"https:\/\/lamerceriedalinore.fr\/wp-content\/uploads\/2025\/09\/cropped-cropped-Alinore-Logo-1.png","contentUrl":"https:\/\/lamerceriedalinore.fr\/wp-content\/uploads\/2025\/09\/cropped-cropped-Alinore-Logo-1.png","width":367,"height":327,"caption":"La Mercerie d&#039;Alinore"},"image":{"@id":"https:\/\/lamerceriedalinore.fr\/#\/schema\/logo\/image\/"}}]}},"_links":{"self":[{"href":"https:\/\/lamerceriedalinore.fr\/index.php?rest_route=\/wp\/v2\/pages\/62","targetHints":{"allow":["GET"]}}],"collection":[{"href":"https:\/\/lamerceriedalinore.fr\/index.php?rest_route=\/wp\/v2\/pages"}],"about":[{"href":"https:\/\/lamerceriedalinore.fr\/index.php?rest_route=\/wp\/v2\/types\/page"}],"author":[{"embeddable":true,"href":"https:\/\/lamerceriedalinore.fr\/index.php?rest_route=\/wp\/v2\/users\/1"}],"replies":[{"embeddable":true,"href":"https:\/\/lamerceriedalinore.fr\/index.php?rest_route=%2Fwp%2Fv2%2Fcomments&post=62"}],"version-history":[{"count":5,"href":"https:\/\/lamerceriedalinore.fr\/index.php?rest_route=\/wp\/v2\/pages\/62\/revisions"}],"predecessor-version":[{"id":322,"href":"https:\/\/lamerceriedalinore.fr\/index.php?rest_route=\/wp\/v2\/pages\/62\/revisions\/322"}],"wp:attachment":[{"href":"https:\/\/lamerceriedalinore.fr\/index.php?rest_route=%2Fwp%2Fv2%2Fmedia&parent=62"}],"curies":[{"name":"wp","href":"https:\/\/api.w.org\/{rel}","templated":true}]}}