{"id":180,"date":"2025-07-22T16:19:52","date_gmt":"2025-07-22T14:19:52","guid":{"rendered":"https:\/\/lamerceriedalinore.fr\/?page_id=180"},"modified":"2025-07-22T18:59:07","modified_gmt":"2025-07-22T16:59:07","slug":"politique-de-retours","status":"publish","type":"page","link":"https:\/\/lamerceriedalinore.fr\/?page_id=180","title":{"rendered":"Politique de confidentialit\u00e9"},"content":{"rendered":"\n<div id=\"ez-toc-container\" class=\"ez-toc-v2_0_77 counter-hierarchy ez-toc-counter ez-toc-grey ez-toc-container-direction\">\n<div class=\"ez-toc-title-container\">\n<p class=\"ez-toc-title\" style=\"cursor:inherit\">Table of Contents<\/p>\n<span class=\"ez-toc-title-toggle\"><a href=\"#\" class=\"ez-toc-pull-right ez-toc-btn ez-toc-btn-xs ez-toc-btn-default ez-toc-toggle\" aria-label=\"Toggle Table of Content\"><span class=\"ez-toc-js-icon-con\"><span class=\"\"><span class=\"eztoc-hide\" style=\"display:none;\">Toggle<\/span><span class=\"ez-toc-icon-toggle-span\"><svg style=\"fill: #999;color:#999\" xmlns=\"http:\/\/www.w3.org\/2000\/svg\" class=\"list-377408\" width=\"20px\" height=\"20px\" viewBox=\"0 0 24 24\" fill=\"none\"><path d=\"M6 6H4v2h2V6zm14 0H8v2h12V6zM4 11h2v2H4v-2zm16 0H8v2h12v-2zM4 16h2v2H4v-2zm16 0H8v2h12v-2z\" fill=\"currentColor\"><\/path><\/svg><svg style=\"fill: #999;color:#999\" class=\"arrow-unsorted-368013\" xmlns=\"http:\/\/www.w3.org\/2000\/svg\" width=\"10px\" height=\"10px\" viewBox=\"0 0 24 24\" version=\"1.2\" baseProfile=\"tiny\"><path d=\"M18.2 9.3l-6.2-6.3-6.2 6.3c-.2.2-.3.4-.3.7s.1.5.3.7c.2.2.4.3.7.3h11c.3 0 .5-.1.7-.3.2-.2.3-.5.3-.7s-.1-.5-.3-.7zM5.8 14.7l6.2 6.3 6.2-6.3c.2-.2.3-.5.3-.7s-.1-.5-.3-.7c-.2-.2-.4-.3-.7-.3h-11c-.3 0-.5.1-.7.3-.2.2-.3.5-.3.7s.1.5.3.7z\"\/><\/svg><\/span><\/span><\/span><\/a><\/span><\/div>\n<nav><ul class='ez-toc-list ez-toc-list-level-1 ' ><li class='ez-toc-page-1 ez-toc-heading-level-1'><a class=\"ez-toc-link ez-toc-heading-1\" href=\"https:\/\/lamerceriedalinore.fr\/?page_id=180\/#CHARTE_DES_DONNEES_PERSONNELLES\" >CHARTE DES DONN\u00c9ES PERSONNELLES<\/a><ul class='ez-toc-list-level-3' ><li class='ez-toc-heading-level-3'><ul class='ez-toc-list-level-3' ><li class='ez-toc-heading-level-3'><a class=\"ez-toc-link ez-toc-heading-2\" href=\"https:\/\/lamerceriedalinore.fr\/?page_id=180\/#MON_ENGAGEMENT_POUR_VOS_DONNEES_PERSONNELLES\" >MON ENGAGEMENT POUR VOS DONN\u00c9ES PERSONNELLES<\/a><ul class='ez-toc-list-level-4' ><li class='ez-toc-heading-level-4'><a class=\"ez-toc-link ez-toc-heading-3\" href=\"https:\/\/lamerceriedalinore.fr\/?page_id=180\/#Nous_ne_vous_demandons_que_les_donnees_necessaires\" >Nous ne vous demandons que les donn\u00e9es n\u00e9cessaires&nbsp;<\/a><\/li><li class='ez-toc-page-1 ez-toc-heading-level-4'><a class=\"ez-toc-link ez-toc-heading-4\" href=\"https:\/\/lamerceriedalinore.fr\/?page_id=180\/#Vos_donnees_ne_sont_ni_achetees_ni_louees_ni_cedees\" >Vos donn\u00e9es ne sont ni achet\u00e9es, ni lou\u00e9es, ni c\u00e9d\u00e9es&nbsp;<\/a><\/li><li class='ez-toc-page-1 ez-toc-heading-level-4'><a class=\"ez-toc-link ez-toc-heading-5\" href=\"https:\/\/lamerceriedalinore.fr\/?page_id=180\/#Une_communication_pertinente\" >Une communication pertinente&nbsp;<\/a><\/li><li class='ez-toc-page-1 ez-toc-heading-level-4'><a class=\"ez-toc-link ez-toc-heading-6\" href=\"https:\/\/lamerceriedalinore.fr\/?page_id=180\/#Vous_avez_le_controle_sur_vos_donnees\" >Vous avez le contr\u00f4le sur vos donn\u00e9es&nbsp;<\/a><\/li><\/ul><\/li><li class='ez-toc-page-1 ez-toc-heading-level-3'><a class=\"ez-toc-link ez-toc-heading-7\" href=\"https:\/\/lamerceriedalinore.fr\/?page_id=180\/#COMMENT_LAtelier_dAlinore_UTILISE_VOS_DONNEES\" >COMMENT L&#8217;Atelier d&#8217;Alinore UTILISE VOS DONN\u00c9ES ?<\/a><ul class='ez-toc-list-level-4' ><li class='ez-toc-heading-level-4'><a class=\"ez-toc-link ez-toc-heading-8\" href=\"https:\/\/lamerceriedalinore.fr\/?page_id=180\/#_Vos_achats_sur_le_site_LAtelier_dAlinore\" >&nbsp;Vos achats sur le site L&#8217;Atelier d&#8217;Alinore<\/a><\/li><li class='ez-toc-page-1 ez-toc-heading-level-4'><a class=\"ez-toc-link ez-toc-heading-9\" href=\"https:\/\/lamerceriedalinore.fr\/?page_id=180\/#_Nos_newsletters\" >&nbsp;Nos newsletters<\/a><\/li><li class='ez-toc-page-1 ez-toc-heading-level-4'><a class=\"ez-toc-link ez-toc-heading-10\" href=\"https:\/\/lamerceriedalinore.fr\/?page_id=180\/#Vos_demandes_de_conseil_dinformation_ou_de_reclamation_a_notre_Service_Client\" >Vos demandes de conseil, d&#8217;information ou de r\u00e9clamation \u00e0 notre Service Client<\/a><\/li><\/ul><\/li><\/ul><\/li><\/ul><\/li><\/ul><\/nav><\/div>\n<h1 class=\"wp-block-heading\"><span class=\"ez-toc-section\" id=\"CHARTE_DES_DONNEES_PERSONNELLES\"><\/span>CHARTE DES DONN\u00c9ES PERSONNELLES<span class=\"ez-toc-section-end\"><\/span><\/h1>\n\n\n\n<p><strong>Depuis le 25 mai 2018, un nouveau r\u00e8glement europ\u00e9en entre en vigueur sur la protection des donn\u00e9es personnelles (RGPD). Son objectif : vous permettre de mieux contr\u00f4ler l&#8217;utilisation qui est faite de vos donn\u00e9es personnelles sur les diff\u00e9rents sites et services en ligne que vous utilisez.<br><\/strong><\/p>\n\n\n\n<h3 class=\"wp-block-heading\"><span class=\"ez-toc-section\" id=\"MON_ENGAGEMENT_POUR_VOS_DONNEES_PERSONNELLES\"><\/span>MON ENGAGEMENT POUR VOS DONN\u00c9ES PERSONNELLES<span class=\"ez-toc-section-end\"><\/span><\/h3>\n\n\n\n<h4 class=\"wp-block-heading\"><span class=\"ez-toc-section\" id=\"Nous_ne_vous_demandons_que_les_donnees_necessaires\"><\/span>Nous ne vous demandons que les donn\u00e9es n\u00e9cessaires<a href=\"https:\/\/www.aroma-zone.com\/info\/charte-donnees-personnelles?20180525&amp;utm_campaign=20180525_rgpd&amp;utm_source=az&amp;utm_medium=newsletter&amp;cid=2010&amp;mid=262310945\"><strong><em>&nbsp;<\/em><\/strong><\/a><span class=\"ez-toc-section-end\"><\/span><\/h4>\n\n\n\n<p>Seules les donn\u00e9es nous permettant de g\u00e9rer tous les aspects de votre commande vous sont demand\u00e9es (panier, paiement, pr\u00e9paration de commande, livraison, avis ou demandes d&#8217;informations et conseils sur votre commande). L&#8217;Atelier d&#8217;Alinore ne vous demandera jamais de donn\u00e9es personnelles hors de propos, tels que vos revenus, votre nombre d&#8217;enfants, votre type de logement, de v\u00e9hicule ou de profession, etc&#8230;<\/p>\n\n\n\n<h4 class=\"wp-block-heading\"><span class=\"ez-toc-section\" id=\"Vos_donnees_ne_sont_ni_achetees_ni_louees_ni_cedees\"><\/span>Vos donn\u00e9es ne sont ni achet\u00e9es, ni lou\u00e9es, ni c\u00e9d\u00e9es<a href=\"https:\/\/www.aroma-zone.com\/info\/charte-donnees-personnelles?20180525&amp;utm_campaign=20180525_rgpd&amp;utm_source=az&amp;utm_medium=newsletter&amp;cid=2010&amp;mid=262310945\"><strong><em>&nbsp;<\/em><\/strong><\/a><span class=\"ez-toc-section-end\"><\/span><\/h4>\n\n\n\n<p>Nous ne pratiquons aucun achat de donn\u00e9es personnelles \u00e0 l&#8217;ext\u00e9rieur. Nous collectons vos donn\u00e9es personnelles nous-m\u00eames, de mani\u00e8re transparente, lors des moments clefs de notre relation avec vous (cr\u00e9ation de compte, passage de commande, demande d&#8217;information ou de conseil, etc&#8230;). Les donn\u00e9es que vous nous fournissez ne sont destin\u00e9es qu&#8217;\u00e0 l&#8217;Atelier d&#8217;Alinore. Nous nous engageons \u00e0 ne jamais divulguer, louer ou c\u00e9der vos donn\u00e9es personnelles \u00e0 un tiers quel qu&#8217;il soit.<\/p>\n\n\n\n<h4 class=\"wp-block-heading\"><span class=\"ez-toc-section\" id=\"Une_communication_pertinente\"><\/span>Une communication pertinente<a href=\"https:\/\/www.aroma-zone.com\/info\/charte-donnees-personnelles?20180525&amp;utm_campaign=20180525_rgpd&amp;utm_source=az&amp;utm_medium=newsletter&amp;cid=2010&amp;mid=262310945\"><strong><em>&nbsp;<\/em><\/strong><\/a><span class=\"ez-toc-section-end\"><\/span><\/h4>\n\n\n\n<p>Pas de spam de la part de l&#8217;Atelier d&#8217;Alinore, vous ne recevrez nos newsletters que si vous vous y \u00eates abonn\u00e9s. Toutes les autres communications par email ou sms que nous sommes amen\u00e9s \u00e0 vous envoyer sont li\u00e9es \u00e0 votre compte client et vos commandes (confirmation de commande, exp\u00e9dition de commande, remboursement, demande d&#8217;avis, \u00e9mission de code avantage, etc&#8230;) ou en r\u00e9ponses \u00e0 vos demandes d&#8217;information\/ conseil \/r\u00e9clamation aupr\u00e8s de notre Service Client.<\/p>\n\n\n\n<h4 class=\"wp-block-heading\"><span class=\"ez-toc-section\" id=\"Vous_avez_le_controle_sur_vos_donnees\"><\/span>Vous avez le contr\u00f4le sur vos donn\u00e9es<a href=\"https:\/\/www.aroma-zone.com\/info\/charte-donnees-personnelles?20180525&amp;utm_campaign=20180525_rgpd&amp;utm_source=az&amp;utm_medium=newsletter&amp;cid=2010&amp;mid=262310945\"><strong><em>&nbsp;<\/em><\/strong><\/a><span class=\"ez-toc-section-end\"><\/span><\/h4>\n\n\n\n<p>Vous trouverez dans votre compte client, toutes les donn\u00e9es personnelles dont nous disposons. Vous pouvez \u00e0 tout moment les consulter et les modifier. Vous pouvez demander la suppression de vos donn\u00e9es (hormis celles que nous devons l\u00e9galement conserver telles que factures, confirmations de paiement&#8230;).<\/p>\n\n\n\n<p>Ci-dessous vous trouverez tous les types de donn\u00e9es que nous collectons et les traitements relatif \u00e0 ces donn\u00e9es avec leur origine, leur forme et leur finalit\u00e9<\/p>\n\n\n\n<h3 class=\"wp-block-heading\"><span class=\"ez-toc-section\" id=\"COMMENT_LAtelier_dAlinore_UTILISE_VOS_DONNEES\"><\/span>COMMENT L&#8217;Atelier d&#8217;Alinore UTILISE VOS DONN\u00c9ES ?<span class=\"ez-toc-section-end\"><\/span><\/h3>\n\n\n\n<h4 class=\"wp-block-heading\"><span class=\"ez-toc-section\" id=\"_Vos_achats_sur_le_site_LAtelier_dAlinore\"><\/span>&nbsp;Vos achats sur le site L&#8217;Atelier d&#8217;Alinore<span class=\"ez-toc-section-end\"><\/span><\/h4>\n\n\n\n<ul class=\"wp-block-list\">\n<li>&nbsp;&nbsp;&nbsp;&nbsp;&nbsp;&nbsp;&nbsp;&nbsp; Donn\u00e9es trait\u00e9es : vos noms, pr\u00e9noms, adresse email, adresse de facturation et de livraison, num\u00e9ro de t\u00e9l\u00e9phone<\/li>\n\n\n\n<li>&nbsp;&nbsp;&nbsp;&nbsp;&nbsp;&nbsp;&nbsp;&nbsp; Finalit\u00e9s des traitements&nbsp; : conserver et vous aider \u00e0 retrouver votre panier, vous permettre de choisir le mode de livraison, de r\u00e9gler votre commande, de pr\u00e9parer vos colis, de les exp\u00e9dier, de vous notifier lors de l&#8217;exp\u00e9dition ou de la disponibilit\u00e9 en point&nbsp; Relais, recueillir votre avis sur les produits achet\u00e9s ou sur votre exp\u00e9rience d&#8217;achat plus g\u00e9n\u00e9ralement<\/li>\n\n\n\n<li>&nbsp;&nbsp;&nbsp;&nbsp;&nbsp;&nbsp;&nbsp;&nbsp; Responsable du traitement&nbsp; : les donn\u00e9es que nous collectons sont trait\u00e9es par l&#8217;entreprise individuelle L&#8217;Atelier d&#8217;Alinore<\/li>\n\n\n\n<li>&nbsp;&nbsp;&nbsp;&nbsp;&nbsp;&nbsp;&nbsp;&nbsp; Dur\u00e9e de conservation : Les donn\u00e9es concernant les commandes sont conserv\u00e9es pendant 10 ans. Les donn\u00e9es concernant les paniers sont conserv\u00e9es 3 mois, les donn\u00e9es envoy\u00e9es chez nos prestataires pour la livraison sont conserv\u00e9es pendant 12 mois.<\/li>\n\n\n\n<li>&nbsp;&nbsp;&nbsp;&nbsp;&nbsp;&nbsp;&nbsp;&nbsp; Base l\u00e9gale : Pour votre commande, un contrat est de fait pass\u00e9 entre vous et L&#8217;Atelier d&#8217;Alinore. Pour honorer notre part du contrat, nous avons besoin de recueillir et traiter vos donn\u00e9es personnelles.<\/li>\n\n\n\n<li>\u00a0\u00a0\u00a0\u00a0\u00a0\u00a0\u00a0\u00a0 Vos droits : vous avez un droit d&#8217;acc\u00e8s et de modification \u00e0 vos donn\u00e9es personnelles via votre compte client. Vous pouvez \u00e9galement demander plus d&#8217;informations, la suppression ou l&#8217;extraction de vos donn\u00e9es via<a href=\"https:\/\/lamerceriedalinore.fr\/?page_id=61\">\u00a0<strong>notre formulaire de contact d\u00e9di\u00e9<\/strong><\/a>.<\/li>\n<\/ul>\n\n\n\n<h4 class=\"wp-block-heading\"><span class=\"ez-toc-section\" id=\"_Nos_newsletters\"><\/span>&nbsp;Nos newsletters<span class=\"ez-toc-section-end\"><\/span><\/h4>\n\n\n\n<ul class=\"wp-block-list\">\n<li>&nbsp;&nbsp;&nbsp;&nbsp;&nbsp;&nbsp;&nbsp;&nbsp; Donn\u00e9es trait\u00e9es : votre consentement pour recevoir des communications commerciales par email (newsletters), vos noms, pr\u00e9noms, adresse email, adresse de facturation et de livraison, contenu de commande<\/li>\n\n\n\n<li>&nbsp;&nbsp;&nbsp;&nbsp;&nbsp;&nbsp;&nbsp;&nbsp; Finalit\u00e9s des traitements &nbsp;: Vous informer des nouveaut\u00e9s, promotions, s\u00e9lections th\u00e9matiques, nouveaux services&nbsp; en fonction de vos habitudes de commandes seulement apr\u00e8s consentement pr\u00e9alable (opt-in) pour recevoir ces newsletters.<\/li>\n\n\n\n<li>&nbsp;&nbsp;&nbsp;&nbsp;&nbsp;&nbsp;&nbsp;&nbsp; Responsable du traitement : les donn\u00e9es que nous collectons sont trait\u00e9es par l&#8217;entreprise individuelle L&#8217;Atelier d&#8217;Alinore<\/li>\n\n\n\n<li>&nbsp;&nbsp;&nbsp;&nbsp;&nbsp;&nbsp;&nbsp;&nbsp; Dur\u00e9e de conservation : Les donn\u00e9es concernant les commandes sont conserv\u00e9es pendant toute la dur\u00e9e de l&#8217;abonnement.<\/li>\n\n\n\n<li>&nbsp;&nbsp;&nbsp;&nbsp;&nbsp;&nbsp;&nbsp;&nbsp; Base l\u00e9gale : le traitement de vos donn\u00e9es personnelles est mis en place uniquement apr\u00e8s avoir obtenu votre consentement (abonnement opt-in)<\/li>\n\n\n\n<li>\u00a0\u00a0\u00a0\u00a0\u00a0\u00a0\u00a0\u00a0 Vos droits : vous avez un droit d&#8217;acc\u00e8s et de modification de vos donn\u00e9es personnelles via votre compte client.<br>Vous pouvez \u00e9galement \u00e0 tout moment demander \u00e0 \u00eatre d\u00e9sabonn\u00e9 de nos newsletters via les liens &#8220;ne plus recevoir ces emails&#8221; pr\u00e9sents dans chaque newsletter. Pour plus d&#8217;informations ou demander la suppression ou l&#8217;extraction de vos donn\u00e9es, cliquez sur\u00a0<a href=\"https:\/\/lamerceriedalinore.fr\/?page_id=61\"><strong>notre formulaire de contact d\u00e9di\u00e9<\/strong>.<\/a><\/li>\n<\/ul>\n\n\n\n<h4 class=\"wp-block-heading\"><span class=\"ez-toc-section\" id=\"Vos_demandes_de_conseil_dinformation_ou_de_reclamation_a_notre_Service_Client\"><\/span>Vos demandes de conseil, d&#8217;information ou de r\u00e9clamation \u00e0 notre Service Client<span class=\"ez-toc-section-end\"><\/span><\/h4>\n\n\n\n<ul class=\"wp-block-list\">\n<li>&nbsp;&nbsp;&nbsp;&nbsp;&nbsp;&nbsp;&nbsp;&nbsp; Donn\u00e9es trait\u00e9es : vos noms, pr\u00e9noms, adresse email, adresse de facturation et de livraison, num\u00e9ro de t\u00e9l\u00e9phone, historique de vos commandes<\/li>\n\n\n\n<li>&nbsp;&nbsp;&nbsp;&nbsp;&nbsp;&nbsp;&nbsp;&nbsp; Finalit\u00e9s des traitements : r\u00e9pondre \u00e0 vos demandes<\/li>\n\n\n\n<li>&nbsp;&nbsp;&nbsp;&nbsp;&nbsp;&nbsp;&nbsp;&nbsp; Responsable du traitement : les donn\u00e9es que nous collectons sont trait\u00e9es par l&#8217;entreprise individuelle L&#8217;Atelier d&#8217;Alinore<\/li>\n\n\n\n<li>&nbsp;&nbsp;&nbsp;&nbsp;&nbsp;&nbsp;&nbsp;&nbsp; Dur\u00e9e de conservation : Les donn\u00e9es de demandes clients sont conserv\u00e9es pendant 10 ans.<\/li>\n\n\n\n<li>&nbsp;&nbsp;&nbsp;&nbsp;&nbsp;&nbsp;&nbsp;&nbsp; Base l\u00e9gale : La collecte et le traitement de vos donn\u00e9es personnelles est mis en place uniquement apr\u00e8s avoir obtenu votre consentement.<\/li>\n\n\n\n<li>\u00a0\u00a0\u00a0\u00a0\u00a0\u00a0\u00a0\u00a0 Vos droits : vous avez un droit d&#8217;acc\u00e8s et de modification \u00e0 vos donn\u00e9es personnelles via votre compte client. Vous pouvez \u00e9galement demander plus d&#8217;informations, la suppression ou l&#8217;extraction de vos donn\u00e9es via\u00a0<a href=\"https:\/\/lamerceriedalinore.fr\/?page_id=61\"><strong>notre formulaire de contact d\u00e9di\u00e9<\/strong>.<\/a><\/li>\n<\/ul>\n\n\n\n<p><\/p>\n","protected":false},"excerpt":{"rendered":"<p>CHARTE DES DONN\u00c9ES PERSONNELLES Depuis le 25 mai 2018, un nouveau r\u00e8glement europ\u00e9en entre en vigueur sur la protection des donn\u00e9es personnelles (RGPD). Son objectif : vous permettre de mieux contr\u00f4ler l&#8217;utilisation qui est faite de vos donn\u00e9es personnelles sur les diff\u00e9rents sites et services en ligne que vous utilisez. MON ENGAGEMENT POUR VOS DONN\u00c9ES [&hellip;]<\/p>\n","protected":false},"author":1,"featured_media":0,"parent":0,"menu_order":0,"comment_status":"closed","ping_status":"closed","template":"","meta":{"ocean_post_layout":"","ocean_both_sidebars_style":"","ocean_both_sidebars_content_width":0,"ocean_both_sidebars_sidebars_width":0,"ocean_sidebar":"","ocean_second_sidebar":"","ocean_disable_margins":"enable","ocean_add_body_class":"","ocean_shortcode_before_top_bar":"","ocean_shortcode_after_top_bar":"","ocean_shortcode_before_header":"","ocean_shortcode_after_header":"","ocean_has_shortcode":"","ocean_shortcode_after_title":"","ocean_shortcode_before_footer_widgets":"","ocean_shortcode_after_footer_widgets":"","ocean_shortcode_before_footer_bottom":"","ocean_shortcode_after_footer_bottom":"","ocean_display_top_bar":"default","ocean_display_header":"default","ocean_header_style":"","ocean_center_header_left_menu":"","ocean_custom_header_template":"","ocean_custom_logo":0,"ocean_custom_retina_logo":0,"ocean_custom_logo_max_width":0,"ocean_custom_logo_tablet_max_width":0,"ocean_custom_logo_mobile_max_width":0,"ocean_custom_logo_max_height":0,"ocean_custom_logo_tablet_max_height":0,"ocean_custom_logo_mobile_max_height":0,"ocean_header_custom_menu":"","ocean_menu_typo_font_family":"","ocean_menu_typo_font_subset":"","ocean_menu_typo_font_size":0,"ocean_menu_typo_font_size_tablet":0,"ocean_menu_typo_font_size_mobile":0,"ocean_menu_typo_font_size_unit":"px","ocean_menu_typo_font_weight":"","ocean_menu_typo_font_weight_tablet":"","ocean_menu_typo_font_weight_mobile":"","ocean_menu_typo_transform":"","ocean_menu_typo_transform_tablet":"","ocean_menu_typo_transform_mobile":"","ocean_menu_typo_line_height":0,"ocean_menu_typo_line_height_tablet":0,"ocean_menu_typo_line_height_mobile":0,"ocean_menu_typo_line_height_unit":"","ocean_menu_typo_spacing":0,"ocean_menu_typo_spacing_tablet":0,"ocean_menu_typo_spacing_mobile":0,"ocean_menu_typo_spacing_unit":"","ocean_menu_link_color":"","ocean_menu_link_color_hover":"","ocean_menu_link_color_active":"","ocean_menu_link_background":"","ocean_menu_link_hover_background":"","ocean_menu_link_active_background":"","ocean_menu_social_links_bg":"","ocean_menu_social_hover_links_bg":"","ocean_menu_social_links_color":"","ocean_menu_social_hover_links_color":"","ocean_disable_title":"default","ocean_disable_heading":"default","ocean_post_title":"","ocean_post_subheading":"","ocean_post_title_style":"","ocean_post_title_background_color":"","ocean_post_title_background":0,"ocean_post_title_bg_image_position":"","ocean_post_title_bg_image_attachment":"","ocean_post_title_bg_image_repeat":"","ocean_post_title_bg_image_size":"","ocean_post_title_height":0,"ocean_post_title_bg_overlay":0.5,"ocean_post_title_bg_overlay_color":"","ocean_disable_breadcrumbs":"default","ocean_breadcrumbs_color":"","ocean_breadcrumbs_separator_color":"","ocean_breadcrumbs_links_color":"","ocean_breadcrumbs_links_hover_color":"","ocean_display_footer_widgets":"default","ocean_display_footer_bottom":"default","ocean_custom_footer_template":"","footnotes":""},"class_list":["post-180","page","type-page","status-publish","hentry","entry","owp-thumbs-layout-horizontal","owp-btn-normal","owp-tabs-layout-horizontal","has-no-thumbnails","has-product-nav"],"yoast_head":"<!-- This site is optimized with the Yoast SEO plugin v26.4 - https:\/\/yoast.com\/wordpress\/plugins\/seo\/ -->\n<title>Politique de confidentialit\u00e9 - La Mercerie d&#039;Alinore<\/title>\n<meta name=\"robots\" content=\"index, follow, max-snippet:-1, max-image-preview:large, max-video-preview:-1\" \/>\n<link rel=\"canonical\" href=\"https:\/\/lamerceriedalinore.fr\/?page_id=180\" \/>\n<meta property=\"og:locale\" content=\"en_US\" \/>\n<meta property=\"og:type\" content=\"article\" \/>\n<meta property=\"og:title\" content=\"Politique de confidentialit\u00e9 - La Mercerie d&#039;Alinore\" \/>\n<meta property=\"og:description\" content=\"CHARTE DES DONN\u00c9ES PERSONNELLES Depuis le 25 mai 2018, un nouveau r\u00e8glement europ\u00e9en entre en vigueur sur la protection des donn\u00e9es personnelles (RGPD). Son objectif : vous permettre de mieux contr\u00f4ler l&#8217;utilisation qui est faite de vos donn\u00e9es personnelles sur les diff\u00e9rents sites et services en ligne que vous utilisez. MON ENGAGEMENT POUR VOS DONN\u00c9ES [&hellip;]\" \/>\n<meta property=\"og:url\" content=\"https:\/\/lamerceriedalinore.fr\/?page_id=180\" \/>\n<meta property=\"og:site_name\" content=\"La Mercerie d&#039;Alinore\" \/>\n<meta property=\"article:modified_time\" content=\"2025-07-22T16:59:07+00:00\" \/>\n<meta name=\"twitter:card\" content=\"summary_large_image\" \/>\n<meta name=\"twitter:label1\" content=\"Est. reading time\" \/>\n\t<meta name=\"twitter:data1\" content=\"5 minutes\" \/>\n<script type=\"application\/ld+json\" class=\"yoast-schema-graph\">{\"@context\":\"https:\/\/schema.org\",\"@graph\":[{\"@type\":\"WebPage\",\"@id\":\"https:\/\/lamerceriedalinore.fr\/?page_id=180\",\"url\":\"https:\/\/lamerceriedalinore.fr\/?page_id=180\",\"name\":\"Politique de confidentialit\u00e9 - La Mercerie d&#039;Alinore\",\"isPartOf\":{\"@id\":\"https:\/\/lamerceriedalinore.fr\/#website\"},\"datePublished\":\"2025-07-22T14:19:52+00:00\",\"dateModified\":\"2025-07-22T16:59:07+00:00\",\"breadcrumb\":{\"@id\":\"https:\/\/lamerceriedalinore.fr\/?page_id=180#breadcrumb\"},\"inLanguage\":\"en-US\",\"potentialAction\":[{\"@type\":\"ReadAction\",\"target\":[\"https:\/\/lamerceriedalinore.fr\/?page_id=180\"]}]},{\"@type\":\"BreadcrumbList\",\"@id\":\"https:\/\/lamerceriedalinore.fr\/?page_id=180#breadcrumb\",\"itemListElement\":[{\"@type\":\"ListItem\",\"position\":1,\"name\":\"Accueil\",\"item\":\"https:\/\/lamerceriedalinore.fr\/\"},{\"@type\":\"ListItem\",\"position\":2,\"name\":\"Politique de confidentialit\u00e9\"}]},{\"@type\":\"WebSite\",\"@id\":\"https:\/\/lamerceriedalinore.fr\/#website\",\"url\":\"https:\/\/lamerceriedalinore.fr\/\",\"name\":\"La Mercerie d&#039;Alinore\",\"description\":\"Un site utilisant WordPress\",\"publisher\":{\"@id\":\"https:\/\/lamerceriedalinore.fr\/#organization\"},\"potentialAction\":[{\"@type\":\"SearchAction\",\"target\":{\"@type\":\"EntryPoint\",\"urlTemplate\":\"https:\/\/lamerceriedalinore.fr\/?s={search_term_string}\"},\"query-input\":{\"@type\":\"PropertyValueSpecification\",\"valueRequired\":true,\"valueName\":\"search_term_string\"}}],\"inLanguage\":\"en-US\"},{\"@type\":\"Organization\",\"@id\":\"https:\/\/lamerceriedalinore.fr\/#organization\",\"name\":\"La Mercerie d&#039;Alinore\",\"url\":\"https:\/\/lamerceriedalinore.fr\/\",\"logo\":{\"@type\":\"ImageObject\",\"inLanguage\":\"en-US\",\"@id\":\"https:\/\/lamerceriedalinore.fr\/#\/schema\/logo\/image\/\",\"url\":\"https:\/\/lamerceriedalinore.fr\/wp-content\/uploads\/2025\/09\/cropped-cropped-Alinore-Logo-1.png\",\"contentUrl\":\"https:\/\/lamerceriedalinore.fr\/wp-content\/uploads\/2025\/09\/cropped-cropped-Alinore-Logo-1.png\",\"width\":367,\"height\":327,\"caption\":\"La Mercerie d&#039;Alinore\"},\"image\":{\"@id\":\"https:\/\/lamerceriedalinore.fr\/#\/schema\/logo\/image\/\"}}]}<\/script>\n<!-- \/ Yoast SEO plugin. -->","yoast_head_json":{"title":"Politique de confidentialit\u00e9 - La Mercerie d&#039;Alinore","robots":{"index":"index","follow":"follow","max-snippet":"max-snippet:-1","max-image-preview":"max-image-preview:large","max-video-preview":"max-video-preview:-1"},"canonical":"https:\/\/lamerceriedalinore.fr\/?page_id=180","og_locale":"en_US","og_type":"article","og_title":"Politique de confidentialit\u00e9 - La Mercerie d&#039;Alinore","og_description":"CHARTE DES DONN\u00c9ES PERSONNELLES Depuis le 25 mai 2018, un nouveau r\u00e8glement europ\u00e9en entre en vigueur sur la protection des donn\u00e9es personnelles (RGPD). Son objectif : vous permettre de mieux contr\u00f4ler l&#8217;utilisation qui est faite de vos donn\u00e9es personnelles sur les diff\u00e9rents sites et services en ligne que vous utilisez. MON ENGAGEMENT POUR VOS DONN\u00c9ES [&hellip;]","og_url":"https:\/\/lamerceriedalinore.fr\/?page_id=180","og_site_name":"La Mercerie d&#039;Alinore","article_modified_time":"2025-07-22T16:59:07+00:00","twitter_card":"summary_large_image","twitter_misc":{"Est. reading time":"5 minutes"},"schema":{"@context":"https:\/\/schema.org","@graph":[{"@type":"WebPage","@id":"https:\/\/lamerceriedalinore.fr\/?page_id=180","url":"https:\/\/lamerceriedalinore.fr\/?page_id=180","name":"Politique de confidentialit\u00e9 - La Mercerie d&#039;Alinore","isPartOf":{"@id":"https:\/\/lamerceriedalinore.fr\/#website"},"datePublished":"2025-07-22T14:19:52+00:00","dateModified":"2025-07-22T16:59:07+00:00","breadcrumb":{"@id":"https:\/\/lamerceriedalinore.fr\/?page_id=180#breadcrumb"},"inLanguage":"en-US","potentialAction":[{"@type":"ReadAction","target":["https:\/\/lamerceriedalinore.fr\/?page_id=180"]}]},{"@type":"BreadcrumbList","@id":"https:\/\/lamerceriedalinore.fr\/?page_id=180#breadcrumb","itemListElement":[{"@type":"ListItem","position":1,"name":"Accueil","item":"https:\/\/lamerceriedalinore.fr\/"},{"@type":"ListItem","position":2,"name":"Politique de confidentialit\u00e9"}]},{"@type":"WebSite","@id":"https:\/\/lamerceriedalinore.fr\/#website","url":"https:\/\/lamerceriedalinore.fr\/","name":"La Mercerie d&#039;Alinore","description":"Un site utilisant WordPress","publisher":{"@id":"https:\/\/lamerceriedalinore.fr\/#organization"},"potentialAction":[{"@type":"SearchAction","target":{"@type":"EntryPoint","urlTemplate":"https:\/\/lamerceriedalinore.fr\/?s={search_term_string}"},"query-input":{"@type":"PropertyValueSpecification","valueRequired":true,"valueName":"search_term_string"}}],"inLanguage":"en-US"},{"@type":"Organization","@id":"https:\/\/lamerceriedalinore.fr\/#organization","name":"La Mercerie d&#039;Alinore","url":"https:\/\/lamerceriedalinore.fr\/","logo":{"@type":"ImageObject","inLanguage":"en-US","@id":"https:\/\/lamerceriedalinore.fr\/#\/schema\/logo\/image\/","url":"https:\/\/lamerceriedalinore.fr\/wp-content\/uploads\/2025\/09\/cropped-cropped-Alinore-Logo-1.png","contentUrl":"https:\/\/lamerceriedalinore.fr\/wp-content\/uploads\/2025\/09\/cropped-cropped-Alinore-Logo-1.png","width":367,"height":327,"caption":"La Mercerie d&#039;Alinore"},"image":{"@id":"https:\/\/lamerceriedalinore.fr\/#\/schema\/logo\/image\/"}}]}},"_links":{"self":[{"href":"https:\/\/lamerceriedalinore.fr\/index.php?rest_route=\/wp\/v2\/pages\/180","targetHints":{"allow":["GET"]}}],"collection":[{"href":"https:\/\/lamerceriedalinore.fr\/index.php?rest_route=\/wp\/v2\/pages"}],"about":[{"href":"https:\/\/lamerceriedalinore.fr\/index.php?rest_route=\/wp\/v2\/types\/page"}],"author":[{"embeddable":true,"href":"https:\/\/lamerceriedalinore.fr\/index.php?rest_route=\/wp\/v2\/users\/1"}],"replies":[{"embeddable":true,"href":"https:\/\/lamerceriedalinore.fr\/index.php?rest_route=%2Fwp%2Fv2%2Fcomments&post=180"}],"version-history":[{"count":5,"href":"https:\/\/lamerceriedalinore.fr\/index.php?rest_route=\/wp\/v2\/pages\/180\/revisions"}],"predecessor-version":[{"id":203,"href":"https:\/\/lamerceriedalinore.fr\/index.php?rest_route=\/wp\/v2\/pages\/180\/revisions\/203"}],"wp:attachment":[{"href":"https:\/\/lamerceriedalinore.fr\/index.php?rest_route=%2Fwp%2Fv2%2Fmedia&parent=180"}],"curies":[{"name":"wp","href":"https:\/\/api.w.org\/{rel}","templated":true}]}}